{"id":30,"date":"2021-01-10T18:54:31","date_gmt":"2021-01-10T17:54:31","guid":{"rendered":"http:\/\/fdp-aktiv.de\/blog\/?page_id=30"},"modified":"2022-08-23T15:39:01","modified_gmt":"2022-08-23T13:39:01","slug":"wir-sind","status":"publish","type":"page","link":"https:\/\/fdp-aktiv.de\/blog\/wir-sind\/","title":{"rendered":"wer wir sind ?"},"content":{"rendered":"\n<p>Diese Seite wird von liberalen Freunden mit dem Ziel betrieben, liberale Politik knackig und kompakt auf den Punkt zu bringen. Kleine Parteien haben es oft schwer, ihre Standpunkte medial richtig zu platzieren &#8230; <\/p>\n\n\n\n<p>Dabei bleiben Ver\u00f6ffentlichungen oft an dem Interesse der Presse und den politischen Str\u00f6mungen Ihrer Eigent\u00fcmer h\u00e4ngen. <\/p>\n\n\n\n<p>Wir haben uns es zur Aufgabe gemacht, interessante Artikel aus allen Medien zu sammeln und hier auf unserer Seite f\u00fcr Interessenten zu verdichten!  <\/p>\n\n\n\n<p>Wir wollen damit zeigen, dass liberale Politik nicht nur interessant sondern auch spannend sein kann. Dar\u00fcber hinaus wollen wir zeigen, dass es durchaus Zeitungsverlage gibt, die interessante Inhalte von lokalen Standpunkten publizieren und wollen<strong> damit auch werben diese explizit zu besuchen!<\/strong> <\/p>\n\n\n\n<p><\/p>\n\n\n\n<p> Wir freuen uns auf euren Besuch und w\u00fcnschen beim Studieren der Artikel viel Spa\u00df &#8230; <\/p>\n\n\n\n<p>Wenn Sie einen interessanten Artikel freuen wir uns \u00fcber eine Zusendung per Mail. <\/p>\n\n\n\n<p>Wir sind eine rein private Seite ohne gewerblichen Charakter!<\/p>\n\n\n\n<p><\/p>\n\n\n\n<p>Etwaige publizierte Meinungen und Haltungen werden wertneutral gepostet und spiegeln nicht die  Meinung der Betreiber wieder!<\/p>\n\n\n\n<p><\/p>\n\n\n\n<p><\/p>\n\n\n\n<p><\/p>\n\n\n\n<p><\/p>\n","protected":false},"excerpt":{"rendered":"<p>Diese Seite wird von liberalen Freunden mit dem Ziel betrieben, liberale Politik knackig und kompakt auf den Punkt zu bringen. Kleine Parteien haben es oft schwer, ihre Standpunkte medial richtig [&#8230;]<\/p>\n","protected":false},"author":1,"featured_media":0,"parent":0,"menu_order":1,"comment_status":"closed","ping_status":"closed","template":"","meta":{"footnotes":""},"class_list":["post-30","page","type-page","status-publish","hentry"],"_links":{"self":[{"href":"https:\/\/fdp-aktiv.de\/blog\/wp-json\/wp\/v2\/pages\/30","targetHints":{"allow":["GET"]}}],"collection":[{"href":"https:\/\/fdp-aktiv.de\/blog\/wp-json\/wp\/v2\/pages"}],"about":[{"href":"https:\/\/fdp-aktiv.de\/blog\/wp-json\/wp\/v2\/types\/page"}],"author":[{"embeddable":true,"href":"https:\/\/fdp-aktiv.de\/blog\/wp-json\/wp\/v2\/users\/1"}],"replies":[{"embeddable":true,"href":"https:\/\/fdp-aktiv.de\/blog\/wp-json\/wp\/v2\/comments?post=30"}],"version-history":[{"count":9,"href":"https:\/\/fdp-aktiv.de\/blog\/wp-json\/wp\/v2\/pages\/30\/revisions"}],"predecessor-version":[{"id":6627,"href":"https:\/\/fdp-aktiv.de\/blog\/wp-json\/wp\/v2\/pages\/30\/revisions\/6627"}],"wp:attachment":[{"href":"https:\/\/fdp-aktiv.de\/blog\/wp-json\/wp\/v2\/media?parent=30"}],"curies":[{"name":"wp","href":"https:\/\/api.w.org\/{rel}","templated":true}]}}